{"id":9445,"date":"2021-03-25T21:39:00","date_gmt":"2021-03-25T20:39:00","guid":{"rendered":"https:\/\/pequena-sudamerica.eu\/\/?post_type=product&#038;p=9445"},"modified":"2026-03-18T10:11:52","modified_gmt":"2026-03-18T09:11:52","slug":"3-coracoes-tradicional-250g","status":"publish","type":"product","link":"https:\/\/pequena-sudamerica.eu\/en\/product\/3-coracoes-tradicional-250g\/","title":{"rendered":"3 Cora\u00e7\u00f5es Tradicional &#8211; 250g"},"content":{"rendered":"<p>Roasted ground coffee 3 Cora\u00e7\u00f5es Tradicional &#8211; 250 g<\/p>\n<p>Coffee from 3 Cora\u00e7\u00f5es has been at the breakfast table of Brazilians for over 60 years. The incomparable taste of 3 Cora\u00e7\u00f5es Tradicional is full-bodied, intense and fills the day with energy. High quality standards are guaranteed from harvest to roasting to packaging. The vacuum-sealed package preserves its freshness and flavour.<\/p>\n<p>3 Cora\u00e7\u00f5es Tradicional is the right choice for those who prefer their cup of coffee to be creamy and mellow. If you prefer something stronger, you can always give the <a href=\"https:\/\/pequena-sudamerica.eu\/\/en\/product\/3-coracoes-extraforte-250g\/\">extraforte variety<\/a> with a dark roast a try.<\/p>\n<p><div class=\"productheader\">Ingredients<\/div>100% Brazilian ground coffee.<\/p>\n<p><div class=\"productheader\">Net content<\/div>250 g<\/p>\n<p><div class=\"productheader\">Instructions<\/div>For the finest brewing experience, scoop 3 to 5 levelled tablespoons of 3 Cora\u00e7\u00f5es ground coffee per 1 liter of water into your filter. Pour hot (not boiling) water over in uniform, circular movements until fully soaked. Store in an airtight container in a cool &amp; dry place.<\/p>\n","protected":false},"excerpt":{"rendered":"<p>Price per kilo: [price_per_kilo_250g]\/kg<\/p>\n","protected":false},"featured_media":9561,"comment_status":"open","ping_status":"closed","template":"","meta":[],"product_brand":[],"product_cat":[272],"product_tag":[],"class_list":{"0":"post-9445","1":"product","2":"type-product","3":"status-publish","4":"has-post-thumbnail","6":"product_cat-coffee","7":"pa_brand-3-coracoes","8":"pa_origin-brazil","9":"pa_strength-medium","11":"first","12":"outofstock","13":"sale","14":"taxable","15":"shipping-taxable","16":"purchasable","17":"product-type-simple"},"jetpack_sharing_enabled":true,"_links":{"self":[{"href":"https:\/\/pequena-sudamerica.eu\/en\/wp-json\/wp\/v2\/product\/9445","targetHints":{"allow":["GET"]}}],"collection":[{"href":"https:\/\/pequena-sudamerica.eu\/en\/wp-json\/wp\/v2\/product"}],"about":[{"href":"https:\/\/pequena-sudamerica.eu\/en\/wp-json\/wp\/v2\/types\/product"}],"replies":[{"embeddable":true,"href":"https:\/\/pequena-sudamerica.eu\/en\/wp-json\/wp\/v2\/comments?post=9445"}],"version-history":[{"count":2,"href":"https:\/\/pequena-sudamerica.eu\/en\/wp-json\/wp\/v2\/product\/9445\/revisions"}],"predecessor-version":[{"id":18221,"href":"https:\/\/pequena-sudamerica.eu\/en\/wp-json\/wp\/v2\/product\/9445\/revisions\/18221"}],"wp:featuredmedia":[{"embeddable":true,"href":"https:\/\/pequena-sudamerica.eu\/en\/wp-json\/wp\/v2\/media\/9561"}],"wp:attachment":[{"href":"https:\/\/pequena-sudamerica.eu\/en\/wp-json\/wp\/v2\/media?parent=9445"}],"wp:term":[{"taxonomy":"product_brand","embeddable":true,"href":"https:\/\/pequena-sudamerica.eu\/en\/wp-json\/wp\/v2\/product_brand?post=9445"},{"taxonomy":"product_cat","embeddable":true,"href":"https:\/\/pequena-sudamerica.eu\/en\/wp-json\/wp\/v2\/product_cat?post=9445"},{"taxonomy":"product_tag","embeddable":true,"href":"https:\/\/pequena-sudamerica.eu\/en\/wp-json\/wp\/v2\/product_tag?post=9445"}],"curies":[{"name":"wp","href":"https:\/\/api.w.org\/{rel}","templated":true}]}}