{"id":10235,"date":"2021-02-18T14:53:00","date_gmt":"2021-02-18T13:53:00","guid":{"rendered":"https:\/\/pequena-sudamerica.eu\/\/product\/cbse-frutos-del-valle-yerba-mate-500g\/"},"modified":"2024-06-10T12:49:19","modified_gmt":"2024-06-10T10:49:19","slug":"cbse-frutos-del-valle-yerba-mate-500g","status":"publish","type":"product","link":"https:\/\/pequena-sudamerica.eu\/es\/producto\/cbse-frutos-del-valle-yerba-mate-500g\/","title":{"rendered":"CBS\u00e9 Frutos del Valle &#8211; Yerba Mate 500g"},"content":{"rendered":"<p>CBS\u00e9 Frutos del Valle &#8211; Yerba Mate 500 g<\/p>\n<p>La historia de CBS\u00e9 comienza en 1978. Fue por esa \u00e9poca que sus fundadores decidieron lanzar un nuevo producto, una combinaci\u00f3n de Yerba Mate y hierbas de monta\u00f1a: la primera yerba mate combinada en Argentina.<\/p>\n<p>CBS\u00e9 Frutos del Valle es una dulce mezcla de yerba mate con un toque de pera y manzana. Esta variedad combina el mejor sabor de la manzana verde con el dulzor de la pera. Es ideal para quienes gustan de la yerba mate dulce y es irresistible acompa\u00f1arla con especias como la canela y el jengibre, con miel y az\u00facar negra.<\/p>\n<p>Producto sin gluten.<\/p>\n<p><div class=\"productheader\">Ingredientes<\/div>Yerba mate (Ilex Paraguariensis) (99,7%), aroma natural de pera (0,25%), aroma natural de manzana (0,05%).<\/p>\n<p><div class=\"productheader\">Contenido neto<\/div>500 g<\/p>\n<p><div class=\"productheader\">Instrucciones para el uso<\/div>Almacenar en un lugar fresco y seco.<\/p>\n","protected":false},"excerpt":{"rendered":"<p>Precio por kilo: [price_per_kilo_500g]\/kg<\/p>\n<div class=\"descriptiondetail\">Argentina &gt; con palo &gt; moderado &gt; mezclado con frutas &gt; natural &gt; sin gluten &gt; sin humo<\/div>\n","protected":false},"featured_media":7933,"comment_status":"open","ping_status":"closed","template":"","meta":[],"product_brand":[],"product_cat":[93,150],"product_tag":[],"class_list":{"0":"post-10235","1":"product","2":"type-product","3":"status-publish","4":"has-post-thumbnail","6":"product_cat-yerba-mate-de-argentina","7":"product_cat-yerba-mate-saborizada","8":"pa_brand-cbse-es","9":"pa_origin-argentina-es","10":"pa_strength-moderado","12":"first","13":"instock","14":"sale","15":"taxable","16":"shipping-taxable","17":"purchasable","18":"product-type-simple"},"jetpack_sharing_enabled":true,"_links":{"self":[{"href":"https:\/\/pequena-sudamerica.eu\/es\/wp-json\/wp\/v2\/product\/10235","targetHints":{"allow":["GET"]}}],"collection":[{"href":"https:\/\/pequena-sudamerica.eu\/es\/wp-json\/wp\/v2\/product"}],"about":[{"href":"https:\/\/pequena-sudamerica.eu\/es\/wp-json\/wp\/v2\/types\/product"}],"replies":[{"embeddable":true,"href":"https:\/\/pequena-sudamerica.eu\/es\/wp-json\/wp\/v2\/comments?post=10235"}],"version-history":[{"count":4,"href":"https:\/\/pequena-sudamerica.eu\/es\/wp-json\/wp\/v2\/product\/10235\/revisions"}],"predecessor-version":[{"id":20921,"href":"https:\/\/pequena-sudamerica.eu\/es\/wp-json\/wp\/v2\/product\/10235\/revisions\/20921"}],"wp:featuredmedia":[{"embeddable":true,"href":"https:\/\/pequena-sudamerica.eu\/es\/wp-json\/wp\/v2\/media\/7933"}],"wp:attachment":[{"href":"https:\/\/pequena-sudamerica.eu\/es\/wp-json\/wp\/v2\/media?parent=10235"}],"wp:term":[{"taxonomy":"product_brand","embeddable":true,"href":"https:\/\/pequena-sudamerica.eu\/es\/wp-json\/wp\/v2\/product_brand?post=10235"},{"taxonomy":"product_cat","embeddable":true,"href":"https:\/\/pequena-sudamerica.eu\/es\/wp-json\/wp\/v2\/product_cat?post=10235"},{"taxonomy":"product_tag","embeddable":true,"href":"https:\/\/pequena-sudamerica.eu\/es\/wp-json\/wp\/v2\/product_tag?post=10235"}],"curies":[{"name":"wp","href":"https:\/\/api.w.org\/{rel}","templated":true}]}}