{"id":10347,"date":"2021-03-13T13:55:57","date_gmt":"2021-03-13T12:55:57","guid":{"rendered":"https:\/\/pequena-sudamerica.eu\/\/product\/dulce-de-leche-los-nietitos-400g\/"},"modified":"2024-04-10T17:36:24","modified_gmt":"2024-04-10T15:36:24","slug":"dulce-de-leche-los-nietitos-400g","status":"publish","type":"product","link":"https:\/\/pequena-sudamerica.eu\/es\/producto\/dulce-de-leche-los-nietitos-400g\/","title":{"rendered":"Dulce de Leche &#8211; Los Nietitos 400g"},"content":{"rendered":"<p>Dulce de Leche \u2013 Los Nietitos 400 g<\/p>\n<p>El dulce de leche es un dulce para untar a base de leche que es especialmente popular en toda Am\u00e9rica Latina. Los ingredientes son leche, az\u00facar y vainilla. Se prepara calentando lentamente la leche azucarada para crear un producto que tiene un sabor vagamente similar al caramelo.<\/p>\n<p>Es el dulce favorito de ni\u00f1os y adultos. Delicioso reci\u00e9n sacado del frasco sobre tostadas o croissants, vertido tibio sobre helado o panqueques, o como glaseado para pasteles y tartas. Es un ingrediente esencial para el pastel de banoffee y es irresistible mezclado con yogur.<\/p>\n<p>Este Dulce de Leche de Los Nietitos se elabora con amor, paciencia y dedicaci\u00f3n en la ciudad de La Paz, Colonia, Uruguay. Su caracter\u00edstico sabor, textura suave y cremosa, color caramelo y brillo intenso hacen que este producto t\u00edpico uruguayo sea irresistible. Elaborado con leche 100% fresca y sin conservantes.<\/p>\n<p>Producto sin gluten. Kosher.<\/p>\n<p><div class=\"productheader\">Ingredientes<\/div><strong>Leche<\/strong>, az\u00facar.<\/p>\n<p><div class=\"productheader\">Contenido neto<\/div>400 g<\/p>\n<p><div class=\"productheader\">Instrucciones para el uso<\/div>Almacenar en un lugar fresco y seco. Refrigerar despu\u00e9s de abrir y consumir dentro de los 30 d\u00edas.<\/p>\n<div class=\"productheader\">Informaci\u00f3n nutricional (por 100 g\/ml)<\/div>\n<table class=\"nutrition\">\n<tbody>\n<tr>\n<td>Energ\u00eda<\/td>\n<td class=\"nutritionqty\">1297 kJ\/310 kcal<\/td>\n<\/tr>\n<tr>\n<td>Grasas<br \/>\n<span style=\"text-indent: 15px; display: inline-block;\">saturadas<\/span><\/td>\n<td class=\"nutritionqty\">7,0 g<br \/>\n4,5 g<\/td>\n<\/tr>\n<tr>\n<td>Carbohidratos<br \/>\n<span style=\"text-indent: 15px; display: inline-block;\">az\u00facares<\/span><\/td>\n<td class=\"nutritionqty\">55 g<br \/>\n48 g<\/td>\n<\/tr>\n<tr>\n<td>Proteina<\/td>\n<td class=\"nutritionqty\">6,0 g<\/td>\n<\/tr>\n<tr>\n<td>Sal<\/td>\n<td class=\"nutritionqty\">0,135 g<\/td>\n<\/tr>\n<\/tbody>\n<\/table>\n","protected":false},"excerpt":{"rendered":"<p>Precio por kilo: [price_per_kilo_400g]\/kg<\/p>\n","protected":false},"featured_media":8999,"comment_status":"open","ping_status":"closed","template":"","meta":[],"product_brand":[],"product_cat":[134],"product_tag":[],"class_list":{"0":"post-10347","1":"product","2":"type-product","3":"status-publish","4":"has-post-thumbnail","6":"product_cat-dulce-de-leche-es","7":"pa_brand-los-nietitos-es","8":"pa_origin-uruguay-es","10":"first","11":"outofstock","12":"sale","13":"taxable","14":"shipping-taxable","15":"purchasable","16":"product-type-simple"},"jetpack_sharing_enabled":true,"_links":{"self":[{"href":"https:\/\/pequena-sudamerica.eu\/es\/wp-json\/wp\/v2\/product\/10347","targetHints":{"allow":["GET"]}}],"collection":[{"href":"https:\/\/pequena-sudamerica.eu\/es\/wp-json\/wp\/v2\/product"}],"about":[{"href":"https:\/\/pequena-sudamerica.eu\/es\/wp-json\/wp\/v2\/types\/product"}],"replies":[{"embeddable":true,"href":"https:\/\/pequena-sudamerica.eu\/es\/wp-json\/wp\/v2\/comments?post=10347"}],"version-history":[{"count":2,"href":"https:\/\/pequena-sudamerica.eu\/es\/wp-json\/wp\/v2\/product\/10347\/revisions"}],"predecessor-version":[{"id":18401,"href":"https:\/\/pequena-sudamerica.eu\/es\/wp-json\/wp\/v2\/product\/10347\/revisions\/18401"}],"wp:featuredmedia":[{"embeddable":true,"href":"https:\/\/pequena-sudamerica.eu\/es\/wp-json\/wp\/v2\/media\/8999"}],"wp:attachment":[{"href":"https:\/\/pequena-sudamerica.eu\/es\/wp-json\/wp\/v2\/media?parent=10347"}],"wp:term":[{"taxonomy":"product_brand","embeddable":true,"href":"https:\/\/pequena-sudamerica.eu\/es\/wp-json\/wp\/v2\/product_brand?post=10347"},{"taxonomy":"product_cat","embeddable":true,"href":"https:\/\/pequena-sudamerica.eu\/es\/wp-json\/wp\/v2\/product_cat?post=10347"},{"taxonomy":"product_tag","embeddable":true,"href":"https:\/\/pequena-sudamerica.eu\/es\/wp-json\/wp\/v2\/product_tag?post=10347"}],"curies":[{"name":"wp","href":"https:\/\/api.w.org\/{rel}","templated":true}]}}