{"id":10395,"date":"2021-02-27T10:04:04","date_gmt":"2021-02-27T09:04:04","guid":{"rendered":"https:\/\/pequena-sudamerica.eu\/\/product\/pampa-organica-yerba-mate-500g\/"},"modified":"2025-03-23T13:11:02","modified_gmt":"2025-03-23T12:11:02","slug":"pampa-organica-yerba-mate-500g","status":"publish","type":"product","link":"https:\/\/pequena-sudamerica.eu\/es\/producto\/pampa-organica-yerba-mate-500g\/","title":{"rendered":"Pampa Org\u00e1nica &#8211; Yerba Mate 500g"},"content":{"rendered":"<p>Pampa Org\u00e1nica \u2013 Yerba Mate 500 g<\/p>\n<p>La yerba de Pampa Organica es 100% org\u00e1nica y proviene directamente de Argentina. Se ha estacionado por 18 meses y se ha secado con aire caliente durante aproximadamente 6 a 8 horas. Esta yerba tiene un sabor agradable sin amargor fuerte y es una de las mejores yerba mate ecol\u00f3gicas que puedes comprar en Europa.<\/p>\n<p>En 1930, un grupo de hombres y mujeres form\u00f3 una federaci\u00f3n llamada Cooperativa Agricola Mixta Monte Carlo Ltda. Desde su fundaci\u00f3n, esta cooperativa, integrada por m\u00e1s de 700 peque\u00f1os productores, trabaja con honestidad y responsabilidad social, garantizando el resultado del producto. Pampa Organica est\u00e1 certificada por un organismo acreditado por la UE (OIA \u2013 Organizacion Internacional Agropecuaria). El producto tambi\u00e9n est\u00e1 certificado por USDA y Organico Argentina.<\/p>\n<p>Este es un producto premium que no decepcionar\u00e1.<\/p>\n<p>Producto sin gluten.<\/p>\n<p><strong>Certificaci\u00f3n org\u00e1nica:<\/strong><\/p>\n<p><img decoding=\"async\" class=\"alignnone size-medium wp-image-9372\" src=\"https:\/\/pequena-sudamerica.eu\/wp-content\/uploads\/2021\/03\/eu-organic-logo-300x200.png\" alt=\"EU organic logo\" width=\"120\" height=\"80\" srcset=\"https:\/\/pequena-sudamerica.eu\/wp-content\/uploads\/2021\/03\/eu-organic-logo-300x200.png 300w, https:\/\/pequena-sudamerica.eu\/wp-content\/uploads\/2021\/03\/eu-organic-logo-150x100.png 150w, https:\/\/pequena-sudamerica.eu\/wp-content\/uploads\/2021\/03\/eu-organic-logo.png 600w\" sizes=\"(max-width: 120px) 100vw, 120px\" \/><\/p>\n<p>DE-\u00d6KO-006<br \/>\nAgricultura fuera de la UE<br \/>\nCertificado organico por ABCERT<br \/>\nBR-BIO-004<\/p>\n<p><div class=\"productheader\">Ingredientes<\/div>100% yerba mate organica (Ilex Paraguariensis).<\/p>\n<p><div class=\"productheader\">Contenido neto<\/div>500 g<\/p>\n<p><div class=\"productheader\">Instrucciones para el uso<\/div>Almacenar en un lugar fresco y seco.<\/p>\n","protected":false},"excerpt":{"rendered":"<p>Precio por kilo: [price_per_kilo_500g]\/kg<\/p>\n<div class=\"descriptiondetail\">Argentina &gt; con palo &gt; suave &gt; mate puro &gt; organico &gt; sin gluten &gt; sin humo<\/div>\n","protected":false},"featured_media":8298,"comment_status":"open","ping_status":"closed","template":"","meta":[],"product_brand":[],"product_cat":[93,158],"product_tag":[],"class_list":{"0":"post-10395","1":"product","2":"type-product","3":"status-publish","4":"has-post-thumbnail","6":"product_cat-yerba-mate-de-argentina","7":"product_cat-yerba-mate-organica","8":"pa_brand-pampa-es","9":"pa_origin-argentina-es","10":"pa_strength-suave","12":"first","13":"outofstock","14":"sale","15":"taxable","16":"shipping-taxable","17":"purchasable","18":"product-type-simple"},"jetpack_sharing_enabled":true,"_links":{"self":[{"href":"https:\/\/pequena-sudamerica.eu\/es\/wp-json\/wp\/v2\/product\/10395","targetHints":{"allow":["GET"]}}],"collection":[{"href":"https:\/\/pequena-sudamerica.eu\/es\/wp-json\/wp\/v2\/product"}],"about":[{"href":"https:\/\/pequena-sudamerica.eu\/es\/wp-json\/wp\/v2\/types\/product"}],"replies":[{"embeddable":true,"href":"https:\/\/pequena-sudamerica.eu\/es\/wp-json\/wp\/v2\/comments?post=10395"}],"version-history":[{"count":3,"href":"https:\/\/pequena-sudamerica.eu\/es\/wp-json\/wp\/v2\/product\/10395\/revisions"}],"predecessor-version":[{"id":20864,"href":"https:\/\/pequena-sudamerica.eu\/es\/wp-json\/wp\/v2\/product\/10395\/revisions\/20864"}],"wp:featuredmedia":[{"embeddable":true,"href":"https:\/\/pequena-sudamerica.eu\/es\/wp-json\/wp\/v2\/media\/8298"}],"wp:attachment":[{"href":"https:\/\/pequena-sudamerica.eu\/es\/wp-json\/wp\/v2\/media?parent=10395"}],"wp:term":[{"taxonomy":"product_brand","embeddable":true,"href":"https:\/\/pequena-sudamerica.eu\/es\/wp-json\/wp\/v2\/product_brand?post=10395"},{"taxonomy":"product_cat","embeddable":true,"href":"https:\/\/pequena-sudamerica.eu\/es\/wp-json\/wp\/v2\/product_cat?post=10395"},{"taxonomy":"product_tag","embeddable":true,"href":"https:\/\/pequena-sudamerica.eu\/es\/wp-json\/wp\/v2\/product_tag?post=10395"}],"curies":[{"name":"wp","href":"https:\/\/api.w.org\/{rel}","templated":true}]}}