{"id":10567,"date":"2021-02-27T11:57:53","date_gmt":"2021-02-27T10:57:53","guid":{"rendered":"https:\/\/pequena-sudamerica.eu\/\/product\/campesino-menta-y-limon-yerba-mate-500g\/"},"modified":"2025-03-15T08:49:02","modified_gmt":"2025-03-15T07:49:02","slug":"campesino-menta-y-limon-yerba-mate-500g","status":"publish","type":"product","link":"https:\/\/pequena-sudamerica.eu\/es\/producto\/campesino-menta-y-limon-yerba-mate-500g\/","title":{"rendered":"Campesino Menta y Lim\u00f3n &#8211; Yerba Mate 500g"},"content":{"rendered":"<p>Campesino Menta y Lim\u00f3n &#8211; Limon Mate 500 g<\/p>\n<p>Campesino fue fundada hace m\u00e1s de dos d\u00e9cadas por Don Carlos Mizraji y es el fabricante de yerba mate m\u00e1s destacado de Paraguay. Gracias a un enfoque innovador y una gesti\u00f3n eficiente, Campesino siempre ha sido uno de los l\u00edderes del mercado. Su yerba proviene de las mejores plantaciones de la zona de Itap\u00faa y Alto Paran\u00e1. Campesino es conocido por sus productos de alta calidad con un sabor distintivo. Es una marca premium para exportaci\u00f3n desde la tierra de los guaran\u00ed.<\/p>\n<p>Campesino Menta y Lim\u00f3n es una yerba mate aromatizada con sabor a menta y lim\u00f3n, que le da un sabor fresco y duradero. Esta mezcla es ideal tanto para mate caliente como para terer\u00e9 helado.<\/p>\n<p><div class=\"productheader\">Ingredientes<\/div>Yerba mate (Ilex Paraguariensis), aceite esencial de menta, aceite esencial de lim\u00f3n.<\/p>\n<p><div class=\"productheader\">Contenido neto<\/div>500 g<\/p>\n<p><div class=\"productheader\">Instrucciones para el uso<\/div>Almacenar en un lugar fresco y seco.<\/p>\n","protected":false},"excerpt":{"rendered":"<p>Precio por kilo: [price_per_kilo_500g]\/kg<\/p>\n<div class=\"descriptiondetail\">Paraguay &gt; con palo &gt; fuerte &gt; con otras hierbas &gt; natural &gt; ahumado<\/div>\n","protected":false},"featured_media":8336,"comment_status":"open","ping_status":"closed","template":"","meta":[],"product_brand":[],"product_cat":[100,150],"product_tag":[526],"class_list":{"0":"post-10567","1":"product","2":"type-product","3":"status-publish","4":"has-post-thumbnail","6":"product_cat-yerba-mate-de-paraguay","7":"product_cat-yerba-mate-saborizada","8":"product_tag-terere-es","9":"pa_brand-campesino-es","10":"pa_origin-paraguay-es","11":"pa_strength-fuerte","13":"first","14":"instock","15":"sale","16":"taxable","17":"shipping-taxable","18":"purchasable","19":"product-type-simple"},"jetpack_sharing_enabled":true,"_links":{"self":[{"href":"https:\/\/pequena-sudamerica.eu\/es\/wp-json\/wp\/v2\/product\/10567","targetHints":{"allow":["GET"]}}],"collection":[{"href":"https:\/\/pequena-sudamerica.eu\/es\/wp-json\/wp\/v2\/product"}],"about":[{"href":"https:\/\/pequena-sudamerica.eu\/es\/wp-json\/wp\/v2\/types\/product"}],"replies":[{"embeddable":true,"href":"https:\/\/pequena-sudamerica.eu\/es\/wp-json\/wp\/v2\/comments?post=10567"}],"version-history":[{"count":2,"href":"https:\/\/pequena-sudamerica.eu\/es\/wp-json\/wp\/v2\/product\/10567\/revisions"}],"predecessor-version":[{"id":20761,"href":"https:\/\/pequena-sudamerica.eu\/es\/wp-json\/wp\/v2\/product\/10567\/revisions\/20761"}],"wp:featuredmedia":[{"embeddable":true,"href":"https:\/\/pequena-sudamerica.eu\/es\/wp-json\/wp\/v2\/media\/8336"}],"wp:attachment":[{"href":"https:\/\/pequena-sudamerica.eu\/es\/wp-json\/wp\/v2\/media?parent=10567"}],"wp:term":[{"taxonomy":"product_brand","embeddable":true,"href":"https:\/\/pequena-sudamerica.eu\/es\/wp-json\/wp\/v2\/product_brand?post=10567"},{"taxonomy":"product_cat","embeddable":true,"href":"https:\/\/pequena-sudamerica.eu\/es\/wp-json\/wp\/v2\/product_cat?post=10567"},{"taxonomy":"product_tag","embeddable":true,"href":"https:\/\/pequena-sudamerica.eu\/es\/wp-json\/wp\/v2\/product_tag?post=10567"}],"curies":[{"name":"wp","href":"https:\/\/api.w.org\/{rel}","templated":true}]}}