{"id":10583,"date":"2021-03-13T15:00:38","date_gmt":"2021-03-13T14:00:38","guid":{"rendered":"https:\/\/pequena-sudamerica.eu\/\/product\/palmitos-hellriegel-800g\/"},"modified":"2024-04-10T17:36:24","modified_gmt":"2024-04-10T15:36:24","slug":"palmitos-hellriegel-800g","status":"publish","type":"product","link":"https:\/\/pequena-sudamerica.eu\/es\/producto\/palmitos-hellriegel-800g\/","title":{"rendered":"Palmitos &#8211; Hellriegel 800g"},"content":{"rendered":"<p>Palmitos de Ecuador &#8211; Hellriegel 800 g<\/p>\n<p>Los palmitos se cosechan del n\u00facleo blando de una palmera. Se cultivan tradicionalmente y son extremadamente populares en la cocina sudamericana.<\/p>\n<p>Su fino sabor recuerda a las alcachofas agrias y va bien con ensaladas y mariscos. Tambi\u00e9n tienen un excelente sabor horneado, con salsa bechamel para cocinar jam\u00f3n cocido o hasta en la pizza. La forma m\u00e1s sencilla de servirlos es cortarlos en rodajas gruesas con vinagre y aceite o salsa golf.<\/p>\n<p><div class=\"productheader\">Ingredientes<\/div>Palmitos, agua, sal, acidulante: \u00e1cido c\u00edtrico.<\/p>\n<p><div class=\"productheader\">Contenido neto<\/div>800 g (peso escurrido: 500 g)<\/p>\n<p><div class=\"productheader\">Instrucciones para el uso<\/div>Almacenar en un lugar fresco y seco.<\/p>\n<div class=\"productheader\">Informaci\u00f3n nutricional (por 100 g\/ml)<\/div>\n<table class=\"nutrition\">\n<tbody>\n<tr>\n<td>Energ\u00eda<\/td>\n<td class=\"nutritionqty\">105 kJ\/25 kcal<\/td>\n<\/tr>\n<tr>\n<td>Grasas<br \/>\n<span style=\"text-indent: 15px; display: inline-block;\">saturadas<\/span><\/td>\n<td class=\"nutritionqty\">0 g<br \/>\n0 g<\/td>\n<\/tr>\n<tr>\n<td>Carbohidratos<br \/>\n<span style=\"text-indent: 15px; display: inline-block;\">az\u00facares<\/span><\/td>\n<td class=\"nutritionqty\">4 g<br \/>\n0 g<\/td>\n<\/tr>\n<tr>\n<td>Proteina<\/td>\n<td class=\"nutritionqty\">2 g<\/td>\n<\/tr>\n<tr>\n<td>Sal<\/td>\n<td class=\"nutritionqty\">0,65 g<\/td>\n<\/tr>\n<\/tbody>\n<\/table>\n","protected":false},"excerpt":{"rendered":"<p>Precio por kilo: [price_per_kilo_800g]\/kg<\/p>\n","protected":false},"featured_media":9007,"comment_status":"open","ping_status":"closed","template":"","meta":[],"product_brand":[],"product_cat":[125],"product_tag":[],"class_list":{"0":"post-10583","1":"product","2":"type-product","3":"status-publish","4":"has-post-thumbnail","6":"product_cat-conservas-y-latas","7":"pa_brand-hellriegel-es","8":"pa_origin-ecuador-es","10":"first","11":"instock","12":"sale","13":"taxable","14":"shipping-taxable","15":"purchasable","16":"product-type-simple"},"jetpack_sharing_enabled":true,"_links":{"self":[{"href":"https:\/\/pequena-sudamerica.eu\/es\/wp-json\/wp\/v2\/product\/10583","targetHints":{"allow":["GET"]}}],"collection":[{"href":"https:\/\/pequena-sudamerica.eu\/es\/wp-json\/wp\/v2\/product"}],"about":[{"href":"https:\/\/pequena-sudamerica.eu\/es\/wp-json\/wp\/v2\/types\/product"}],"replies":[{"embeddable":true,"href":"https:\/\/pequena-sudamerica.eu\/es\/wp-json\/wp\/v2\/comments?post=10583"}],"version-history":[{"count":1,"href":"https:\/\/pequena-sudamerica.eu\/es\/wp-json\/wp\/v2\/product\/10583\/revisions"}],"predecessor-version":[{"id":18393,"href":"https:\/\/pequena-sudamerica.eu\/es\/wp-json\/wp\/v2\/product\/10583\/revisions\/18393"}],"wp:featuredmedia":[{"embeddable":true,"href":"https:\/\/pequena-sudamerica.eu\/es\/wp-json\/wp\/v2\/media\/9007"}],"wp:attachment":[{"href":"https:\/\/pequena-sudamerica.eu\/es\/wp-json\/wp\/v2\/media?parent=10583"}],"wp:term":[{"taxonomy":"product_brand","embeddable":true,"href":"https:\/\/pequena-sudamerica.eu\/es\/wp-json\/wp\/v2\/product_brand?post=10583"},{"taxonomy":"product_cat","embeddable":true,"href":"https:\/\/pequena-sudamerica.eu\/es\/wp-json\/wp\/v2\/product_cat?post=10583"},{"taxonomy":"product_tag","embeddable":true,"href":"https:\/\/pequena-sudamerica.eu\/es\/wp-json\/wp\/v2\/product_tag?post=10583"}],"curies":[{"name":"wp","href":"https:\/\/api.w.org\/{rel}","templated":true}]}}