{"id":15341,"date":"2021-08-06T14:34:41","date_gmt":"2021-08-06T12:34:41","guid":{"rendered":"https:\/\/pequena-sudamerica.eu\/\/?post_type=product&#038;p=15341"},"modified":"2025-02-08T13:18:08","modified_gmt":"2025-02-08T12:18:08","slug":"guarana-antarctica-6-x-033l","status":"publish","type":"product","link":"https:\/\/pequena-sudamerica.eu\/fr\/produit\/guarana-antarctica-6-x-033l\/","title":{"rendered":"Guaran\u00e1 Antarctica &#8211; 6 x 0,33l"},"content":{"rendered":"<p>Guaran\u00e1 Antarctica &#8211; 6 x 0,33 l<\/p>\n<p>Guaran\u00e1 Antarctica est la limonade la plus populaire au Br\u00e9sil. Le go\u00fbt unique et l\u2019effet rafra\u00eechissant du guarana ont fait conna\u00eetre la boisson dans le monde entier (dans le top 15 des boissons non alcoolis\u00e9es les plus vendues au monde !). Le go\u00fbt est doux, l\u00e9g\u00e8rement semblable \u00e0 celui de la pomme, avec un arri\u00e8re-go\u00fbt distinct de baies sans avoir de niveaux \u00e9lev\u00e9s de stimulants, ce qui distingue Guaran\u00e1 Antarctica des autres boissons non alcoolis\u00e9es.<\/p>\n<p>Les limonades de guarana sont les boissons non alcoolis\u00e9es les plus populaires parmi les Br\u00e9siliens. Le fabricant le plus c\u00e9l\u00e8bre, Guaran\u00e1 Antarctica, a introduit cette limonade guarana il y a pr\u00e8s de 100 ans. Ils sont le sponsor officiel de l\u2019\u00e9quipe nationale de football br\u00e9silienne.<\/p>\n<p>Les graines de guarana poussent dans la r\u00e9gion amazonienne et sont connues des Indiens qui y vivent depuis des si\u00e8cles. Les propri\u00e9t\u00e9s stimulantes des graines de guarana sont similaires \u00e0 celles de la caf\u00e9ine dans le caf\u00e9, mais ne durent que plus longtemps.<\/p>\n<p><div class=\"productheader\">Ingr\u00e9dients<\/div>Eau, sucre, dioxyde de carbone, acide citrique, extrait de guarana, conservateurs (E211, E202), colorant (E150d), ar\u00f4mes naturels.<\/p>\n<p><div class=\"productheader\">Contenu net<\/div>1,98 l<\/p>\n<p><div class=\"productheader\">Utilisation<\/div>A conserver dans un endroit frais et sec. Servir froid.<\/p>\n<div class=\"productheader\">Information nutritionnelle (pour 100 g\/ml)<\/div>\n<table class=\"nutrition\">\n<tbody>\n<tr>\n<td>\u00c9nergie<\/td>\n<td class=\"nutritionqty\">170 kJ\/40 kcal<\/td>\n<\/tr>\n<tr>\n<td>Lipides<br \/>\n<span style=\"text-indent: 15px; display: inline-block;\">dont graisses satur\u00e9es<\/span><\/td>\n<td class=\"nutritionqty\">0 g<br \/>\n0 g<\/td>\n<\/tr>\n<tr>\n<td>Glucides<br \/>\n<span style=\"text-indent: 15px; display: inline-block;\">dont sucres<\/span><\/td>\n<td class=\"nutritionqty\">10 g<br \/>\n10 g<\/td>\n<\/tr>\n<tr>\n<td>Prot\u00e9ines<\/td>\n<td class=\"nutritionqty\">0 g<\/td>\n<\/tr>\n<tr>\n<td>Sels<\/td>\n<td class=\"nutritionqty\">0,02 g<\/td>\n<\/tr>\n<\/tbody>\n<\/table>\n","protected":false},"excerpt":{"rendered":"<p>Prix au litre: [price_per_liter_1980ml]\/l<\/p>\n","protected":false},"featured_media":15371,"comment_status":"open","ping_status":"closed","template":"","meta":[],"product_brand":[],"product_cat":[116,576],"product_tag":[],"class_list":{"0":"post-15341","1":"product","2":"type-product","3":"status-publish","4":"has-post-thumbnail","6":"product_cat-non-alcoolisees","7":"product_cat-offres","8":"pa_brand-guarana-fr","9":"pa_origin-bresil","11":"first","12":"instock","13":"sale","14":"taxable","15":"shipping-taxable","16":"purchasable","17":"product-type-simple"},"jetpack_sharing_enabled":true,"_links":{"self":[{"href":"https:\/\/pequena-sudamerica.eu\/fr\/wp-json\/wp\/v2\/product\/15341","targetHints":{"allow":["GET"]}}],"collection":[{"href":"https:\/\/pequena-sudamerica.eu\/fr\/wp-json\/wp\/v2\/product"}],"about":[{"href":"https:\/\/pequena-sudamerica.eu\/fr\/wp-json\/wp\/v2\/types\/product"}],"replies":[{"embeddable":true,"href":"https:\/\/pequena-sudamerica.eu\/fr\/wp-json\/wp\/v2\/comments?post=15341"}],"version-history":[{"count":4,"href":"https:\/\/pequena-sudamerica.eu\/fr\/wp-json\/wp\/v2\/product\/15341\/revisions"}],"predecessor-version":[{"id":18568,"href":"https:\/\/pequena-sudamerica.eu\/fr\/wp-json\/wp\/v2\/product\/15341\/revisions\/18568"}],"wp:featuredmedia":[{"embeddable":true,"href":"https:\/\/pequena-sudamerica.eu\/fr\/wp-json\/wp\/v2\/media\/15371"}],"wp:attachment":[{"href":"https:\/\/pequena-sudamerica.eu\/fr\/wp-json\/wp\/v2\/media?parent=15341"}],"wp:term":[{"taxonomy":"product_brand","embeddable":true,"href":"https:\/\/pequena-sudamerica.eu\/fr\/wp-json\/wp\/v2\/product_brand?post=15341"},{"taxonomy":"product_cat","embeddable":true,"href":"https:\/\/pequena-sudamerica.eu\/fr\/wp-json\/wp\/v2\/product_cat?post=15341"},{"taxonomy":"product_tag","embeddable":true,"href":"https:\/\/pequena-sudamerica.eu\/fr\/wp-json\/wp\/v2\/product_tag?post=15341"}],"curies":[{"name":"wp","href":"https:\/\/api.w.org\/{rel}","templated":true}]}}