{"id":20231,"date":"2021-02-27T11:24:33","date_gmt":"2021-02-27T10:24:33","guid":{"rendered":"https:\/\/pequena-sudamerica.eu\/\/product\/aguantadora-seleccion-especial-yerba-mate-500g\/"},"modified":"2024-06-06T11:26:11","modified_gmt":"2024-06-06T09:26:11","slug":"aguantadora-seleccion-especial-yerba-mate-500g","status":"publish","type":"product","link":"https:\/\/pequena-sudamerica.eu\/fr\/produit\/aguantadora-seleccion-especial-yerba-mate-500g\/","title":{"rendered":"Aguantadora Selecci\u00f3n Especial &#8211; Yerba Mat\u00e9 500g"},"content":{"rendered":"<p>Aguantadora Selecci\u00f3n Especial &#8211; Yerba Mat\u00e9 500 g<\/p>\n<p>La yerba mat\u00e9 Aguantadora vient de la province de Montecarlo, Misiones, Argentine. Aguantadora Seleccion Especial est une yerba mat\u00e9 au go\u00fbt traditionnel et fum\u00e9. Cet assemblage est pr\u00e9par\u00e9 \u00e0 partir des meilleures r\u00e9coltes et n&rsquo;est produit que quelques fois par an. Les fans de yerba mat\u00e9 trouveront ce produit un excellent ajout \u00e0 leur collection. Le bel emballage le rend \u00e9galement parfait pour un cadeau que les gens adoreront recevoir.<\/p>\n<p>En 1930, un groupe d&rsquo;hommes et de femmes form\u00e8rent une f\u00e9d\u00e9ration appel\u00e9e Cooperativa Agricola Mixta Monte Carlo Ltda. Depuis sa fondation, cette coop\u00e9rative, compos\u00e9e de plus de 700 petits producteurs, travaille avec honn\u00eatet\u00e9 et responsabilit\u00e9 sociale, garantissant le r\u00e9sultat du produit. Aguantadora est leur produit principal.<\/p>\n<p>Produit sans gluten.<\/p>\n<p><div class=\"productheader\">Ingr\u00e9dients<\/div>Yerba mat\u00e9 (Ilex Paraguariensis).<\/p>\n<p><div class=\"productheader\">Contenu net<\/div>500 g<\/p>\n<p><div class=\"productheader\">Utilisation<\/div>A conserver dans un endroit frais &amp; sec.<\/p>\n","protected":false},"excerpt":{"rendered":"<p>Prix au kilo: [price_per_kilo_500g]\/kg<\/p>\n<div class=\"descriptiondetail\">Argentine &gt; avec des tiges &gt; moyen &gt; mat\u00e9 pur &gt; sans gluten &gt; fum\u00e9<\/div>\n","protected":false},"featured_media":8310,"comment_status":"open","ping_status":"closed","template":"","meta":[],"product_brand":[],"product_cat":[95],"product_tag":[],"class_list":{"0":"post-20231","1":"product","2":"type-product","3":"status-publish","4":"has-post-thumbnail","6":"product_cat-yerba-mate-d-argentine","7":"pa_brand-aguantadora-fr","8":"pa_origin-argentine","9":"pa_strength-moyen","11":"first","12":"instock","13":"sale","14":"taxable","15":"shipping-taxable","16":"purchasable","17":"product-type-simple"},"jetpack_sharing_enabled":true,"_links":{"self":[{"href":"https:\/\/pequena-sudamerica.eu\/fr\/wp-json\/wp\/v2\/product\/20231","targetHints":{"allow":["GET"]}}],"collection":[{"href":"https:\/\/pequena-sudamerica.eu\/fr\/wp-json\/wp\/v2\/product"}],"about":[{"href":"https:\/\/pequena-sudamerica.eu\/fr\/wp-json\/wp\/v2\/types\/product"}],"replies":[{"embeddable":true,"href":"https:\/\/pequena-sudamerica.eu\/fr\/wp-json\/wp\/v2\/comments?post=20231"}],"version-history":[{"count":1,"href":"https:\/\/pequena-sudamerica.eu\/fr\/wp-json\/wp\/v2\/product\/20231\/revisions"}],"predecessor-version":[{"id":20834,"href":"https:\/\/pequena-sudamerica.eu\/fr\/wp-json\/wp\/v2\/product\/20231\/revisions\/20834"}],"wp:featuredmedia":[{"embeddable":true,"href":"https:\/\/pequena-sudamerica.eu\/fr\/wp-json\/wp\/v2\/media\/8310"}],"wp:attachment":[{"href":"https:\/\/pequena-sudamerica.eu\/fr\/wp-json\/wp\/v2\/media?parent=20231"}],"wp:term":[{"taxonomy":"product_brand","embeddable":true,"href":"https:\/\/pequena-sudamerica.eu\/fr\/wp-json\/wp\/v2\/product_brand?post=20231"},{"taxonomy":"product_cat","embeddable":true,"href":"https:\/\/pequena-sudamerica.eu\/fr\/wp-json\/wp\/v2\/product_cat?post=20231"},{"taxonomy":"product_tag","embeddable":true,"href":"https:\/\/pequena-sudamerica.eu\/fr\/wp-json\/wp\/v2\/product_tag?post=20231"}],"curies":[{"name":"wp","href":"https:\/\/api.w.org\/{rel}","templated":true}]}}