{"id":20264,"date":"2021-02-18T14:44:46","date_gmt":"2021-02-18T13:44:46","guid":{"rendered":"https:\/\/pequena-sudamerica.eu\/\/product\/cruz-de-malta-yerba-mate-500g\/"},"modified":"2024-06-13T10:20:46","modified_gmt":"2024-06-13T08:20:46","slug":"cruz-de-malta-yerba-mate-500g","status":"publish","type":"product","link":"https:\/\/pequena-sudamerica.eu\/fr\/produit\/cruz-de-malta-yerba-mate-500g\/","title":{"rendered":"Cruz de Malta &#8211; Yerba Mat\u00e9 500g"},"content":{"rendered":"<p>Cruz de Malta \u2013 Yerba Mat\u00e9 500 g<\/p>\n<p>Cruz de Malta est l\u2019une des plus anciennes marques de yerba mat\u00e9 d\u2019Am\u00e9rique du Sud. Cette yerba traditionnelle est produite depuis 1874 par la soci\u00e9t\u00e9 Larangeira Mendes S.A. en Argentine.<\/p>\n<p>Un processus m\u00e9ticuleux de plantation, de r\u00e9colte, de s\u00e9lection et de s\u00e9chage des feuilles de yerba garantit sa saveur authentique et sa qualit\u00e9 irr\u00e9prochable. Ce processus aboutit \u00e0 un produit 100% naturel.<\/p>\n<p>Cruz de Malta est tr\u00e8s aromatique et doux. Il est donc parfait pour les d\u00e9butants.<\/p>\n<p>Produit sans gluten.<\/p>\n<p><div class=\"productheader\">Ingr\u00e9dients<\/div>Yerba mat\u00e9 (Ilex Paraguariensis).<\/p>\n<p><div class=\"productheader\">Contenu net<\/div>500 g<\/p>\n<p><div class=\"productheader\">Utilisation<\/div>A conserver dans un endroit frais & sec.<\/p>\n","protected":false},"excerpt":{"rendered":"<p>Prix au kilo: [price_per_kilo_500g]\/kg<\/p>\n<div class=\"descriptiondetail\">Argentine &gt; avec des tiges &gt; doux &gt; mat\u00e9 pur &gt; naturel &gt; sans gluten &gt; fum\u00e9<\/div>\n","protected":false},"featured_media":8197,"comment_status":"open","ping_status":"closed","template":"","meta":[],"product_brand":[],"product_cat":[95],"product_tag":[],"class_list":{"0":"post-20264","1":"product","2":"type-product","3":"status-publish","4":"has-post-thumbnail","6":"product_cat-yerba-mate-d-argentine","7":"pa_brand-cruz-de-malta-fr","8":"pa_origin-argentine","9":"pa_strength-moyen","11":"first","12":"instock","13":"sale","14":"taxable","15":"shipping-taxable","16":"purchasable","17":"product-type-simple"},"jetpack_sharing_enabled":true,"_links":{"self":[{"href":"https:\/\/pequena-sudamerica.eu\/fr\/wp-json\/wp\/v2\/product\/20264","targetHints":{"allow":["GET"]}}],"collection":[{"href":"https:\/\/pequena-sudamerica.eu\/fr\/wp-json\/wp\/v2\/product"}],"about":[{"href":"https:\/\/pequena-sudamerica.eu\/fr\/wp-json\/wp\/v2\/types\/product"}],"replies":[{"embeddable":true,"href":"https:\/\/pequena-sudamerica.eu\/fr\/wp-json\/wp\/v2\/comments?post=20264"}],"version-history":[{"count":2,"href":"https:\/\/pequena-sudamerica.eu\/fr\/wp-json\/wp\/v2\/product\/20264\/revisions"}],"predecessor-version":[{"id":20929,"href":"https:\/\/pequena-sudamerica.eu\/fr\/wp-json\/wp\/v2\/product\/20264\/revisions\/20929"}],"wp:featuredmedia":[{"embeddable":true,"href":"https:\/\/pequena-sudamerica.eu\/fr\/wp-json\/wp\/v2\/media\/8197"}],"wp:attachment":[{"href":"https:\/\/pequena-sudamerica.eu\/fr\/wp-json\/wp\/v2\/media?parent=20264"}],"wp:term":[{"taxonomy":"product_brand","embeddable":true,"href":"https:\/\/pequena-sudamerica.eu\/fr\/wp-json\/wp\/v2\/product_brand?post=20264"},{"taxonomy":"product_cat","embeddable":true,"href":"https:\/\/pequena-sudamerica.eu\/fr\/wp-json\/wp\/v2\/product_cat?post=20264"},{"taxonomy":"product_tag","embeddable":true,"href":"https:\/\/pequena-sudamerica.eu\/fr\/wp-json\/wp\/v2\/product_tag?post=20264"}],"curies":[{"name":"wp","href":"https:\/\/api.w.org\/{rel}","templated":true}]}}